{"id":22,"date":"2024-01-24T12:08:58","date_gmt":"2024-01-24T17:08:58","guid":{"rendered":"https:\/\/decoenco.com\/?page_id=22"},"modified":"2024-04-15T12:46:43","modified_gmt":"2024-04-15T17:46:43","slug":"nuestro-equipo","status":"publish","type":"page","link":"https:\/\/decoenco.com\/index.php\/nuestro-equipo\/","title":{"rendered":"Nuestro equipo"},"content":{"rendered":"\t\t<div data-elementor-type=\"wp-page\" data-elementor-id=\"22\" class=\"elementor elementor-22\">\n\t\t\t\t<div class=\"elementor-element elementor-element-e0873a6 e-flex e-con-boxed e-con e-parent\" data-id=\"e0873a6\" data-element_type=\"container\" data-settings=\"{&quot;background_background&quot;:&quot;classic&quot;}\">\n\t\t\t\t\t<div class=\"e-con-inner\">\n\t\t\t\t<div class=\"elementor-element elementor-element-ee2abbf elementor-widget elementor-widget-spacer\" data-id=\"ee2abbf\" data-element_type=\"widget\" data-widget_type=\"spacer.default\">\n\t\t\t\t<div class=\"elementor-widget-container\">\n\t\t\t<style>\/*! elementor - v3.23.0 - 05-08-2024 *\/\n.elementor-column .elementor-spacer-inner{height:var(--spacer-size)}.e-con{--container-widget-width:100%}.e-con-inner>.elementor-widget-spacer,.e-con>.elementor-widget-spacer{width:var(--container-widget-width,var(--spacer-size));--align-self:var(--container-widget-align-self,initial);--flex-shrink:0}.e-con-inner>.elementor-widget-spacer>.elementor-widget-container,.e-con>.elementor-widget-spacer>.elementor-widget-container{height:100%;width:100%}.e-con-inner>.elementor-widget-spacer>.elementor-widget-container>.elementor-spacer,.e-con>.elementor-widget-spacer>.elementor-widget-container>.elementor-spacer{height:100%}.e-con-inner>.elementor-widget-spacer>.elementor-widget-container>.elementor-spacer>.elementor-spacer-inner,.e-con>.elementor-widget-spacer>.elementor-widget-container>.elementor-spacer>.elementor-spacer-inner{height:var(--container-widget-height,var(--spacer-size))}.e-con-inner>.elementor-widget-spacer.elementor-widget-empty,.e-con>.elementor-widget-spacer.elementor-widget-empty{position:relative;min-height:22px;min-width:22px}.e-con-inner>.elementor-widget-spacer.elementor-widget-empty .elementor-widget-empty-icon,.e-con>.elementor-widget-spacer.elementor-widget-empty .elementor-widget-empty-icon{position:absolute;top:0;bottom:0;left:0;right:0;margin:auto;padding:0;width:22px;height:22px}<\/style>\t\t<div class=\"elementor-spacer\">\n\t\t\t<div class=\"elementor-spacer-inner\"><\/div>\n\t\t<\/div>\n\t\t\t\t<\/div>\n\t\t\t\t<\/div>\n\t\t\t\t<div class=\"elementor-element elementor-element-4fa30a1 elementor-widget elementor-widget-heading\" data-id=\"4fa30a1\" data-element_type=\"widget\" data-widget_type=\"heading.default\">\n\t\t\t\t<div class=\"elementor-widget-container\">\n\t\t\t<style>\/*! elementor - v3.23.0 - 05-08-2024 *\/\n.elementor-heading-title{padding:0;margin:0;line-height:1}.elementor-widget-heading .elementor-heading-title[class*=elementor-size-]>a{color:inherit;font-size:inherit;line-height:inherit}.elementor-widget-heading .elementor-heading-title.elementor-size-small{font-size:15px}.elementor-widget-heading .elementor-heading-title.elementor-size-medium{font-size:19px}.elementor-widget-heading .elementor-heading-title.elementor-size-large{font-size:29px}.elementor-widget-heading .elementor-heading-title.elementor-size-xl{font-size:39px}.elementor-widget-heading .elementor-heading-title.elementor-size-xxl{font-size:59px}<\/style><h2 class=\"elementor-heading-title elementor-size-default\">NUESTRO EQUIPO<\/h2>\t\t<\/div>\n\t\t\t\t<\/div>\n\t\t\t\t<div class=\"elementor-element elementor-element-20c276b elementor-widget elementor-widget-heading\" data-id=\"20c276b\" data-element_type=\"widget\" data-widget_type=\"heading.default\">\n\t\t\t\t<div class=\"elementor-widget-container\">\n\t\t\t<h2 class=\"elementor-heading-title elementor-size-default\">Somos una empresa altamente capacitada, con un personal profesional, creativo e innovador.<br>Nuestro prop\u00f3sito es que tus ideas se transformen en una realidad<\/h2>\t\t<\/div>\n\t\t\t\t<\/div>\n\t\t\t\t<div class=\"elementor-element elementor-element-7d03137 elementor-widget elementor-widget-spacer\" data-id=\"7d03137\" data-element_type=\"widget\" data-widget_type=\"spacer.default\">\n\t\t\t\t<div class=\"elementor-widget-container\">\n\t\t\t\t\t<div class=\"elementor-spacer\">\n\t\t\t<div class=\"elementor-spacer-inner\"><\/div>\n\t\t<\/div>\n\t\t\t\t<\/div>\n\t\t\t\t<\/div>\n\t\t\t\t\t<\/div>\n\t\t\t\t<\/div>\n\t\t<div class=\"elementor-element elementor-element-8c8f53f e-flex e-con-boxed e-con e-parent\" data-id=\"8c8f53f\" data-element_type=\"container\">\n\t\t\t\t\t<div class=\"e-con-inner\">\n\t\t\t\t<div class=\"elementor-element elementor-element-a746658 elementor-widget elementor-widget-spacer\" data-id=\"a746658\" data-element_type=\"widget\" data-widget_type=\"spacer.default\">\n\t\t\t\t<div class=\"elementor-widget-container\">\n\t\t\t\t\t<div class=\"elementor-spacer\">\n\t\t\t<div class=\"elementor-spacer-inner\"><\/div>\n\t\t<\/div>\n\t\t\t\t<\/div>\n\t\t\t\t<\/div>\n\t\t\t\t\t<\/div>\n\t\t\t\t<\/div>\n\t\t<div class=\"elementor-element elementor-element-a0ba690 e-flex e-con-boxed e-con e-parent\" data-id=\"a0ba690\" data-element_type=\"container\">\n\t\t\t\t\t<div class=\"e-con-inner\">\n\t\t<div class=\"elementor-element elementor-element-849600e e-con-full e-flex e-con e-child\" data-id=\"849600e\" data-element_type=\"container\">\n\t\t\t\t<div class=\"elementor-element elementor-element-77dad2a elementor-widget elementor-widget-image\" data-id=\"77dad2a\" data-element_type=\"widget\" data-widget_type=\"image.default\">\n\t\t\t\t<div class=\"elementor-widget-container\">\n\t\t\t<style>\/*! elementor - v3.23.0 - 05-08-2024 *\/\n.elementor-widget-image{text-align:center}.elementor-widget-image a{display:inline-block}.elementor-widget-image a img[src$=\".svg\"]{width:48px}.elementor-widget-image img{vertical-align:middle;display:inline-block}<\/style>\t\t\t\t\t\t\t\t\t\t<img fetchpriority=\"high\" decoding=\"async\" width=\"819\" height=\"1024\" src=\"https:\/\/decoenco.com\/wp-content\/uploads\/2024\/04\/Gerente_Decoenco-819x1024.jpg\" class=\"attachment-large size-large wp-image-980\" alt=\"\" srcset=\"https:\/\/decoenco.com\/wp-content\/uploads\/2024\/04\/Gerente_Decoenco-819x1024.jpg 819w, https:\/\/decoenco.com\/wp-content\/uploads\/2024\/04\/Gerente_Decoenco-240x300.jpg 240w, https:\/\/decoenco.com\/wp-content\/uploads\/2024\/04\/Gerente_Decoenco-768x960.jpg 768w, https:\/\/decoenco.com\/wp-content\/uploads\/2024\/04\/Gerente_Decoenco-1229x1536.jpg 1229w, https:\/\/decoenco.com\/wp-content\/uploads\/2024\/04\/Gerente_Decoenco-1638x2048.jpg 1638w, https:\/\/decoenco.com\/wp-content\/uploads\/2024\/04\/Gerente_Decoenco-scaled.jpg 2048w\" sizes=\"(max-width: 819px) 100vw, 819px\" \/>\t\t\t\t\t\t\t\t\t\t\t\t\t<\/div>\n\t\t\t\t<\/div>\n\t\t\t\t<\/div>\n\t\t<div class=\"elementor-element elementor-element-495d66d e-con-full e-flex e-con e-child\" data-id=\"495d66d\" data-element_type=\"container\">\n\t\t\t\t<div class=\"elementor-element elementor-element-775e3c5 elementor-widget elementor-widget-heading\" data-id=\"775e3c5\" data-element_type=\"widget\" data-widget_type=\"heading.default\">\n\t\t\t\t<div class=\"elementor-widget-container\">\n\t\t\t<h2 class=\"elementor-heading-title elementor-size-default\">Gerente<\/h2>\t\t<\/div>\n\t\t\t\t<\/div>\n\t\t\t\t<div class=\"elementor-element elementor-element-36cf819 elementor-widget elementor-widget-heading\" data-id=\"36cf819\" data-element_type=\"widget\" data-widget_type=\"heading.default\">\n\t\t\t\t<div class=\"elementor-widget-container\">\n\t\t\t<h2 class=\"elementor-heading-title elementor-size-default\">Jeisson Montenegro<\/h2>\t\t<\/div>\n\t\t\t\t<\/div>\n\t\t\t\t<div class=\"elementor-element elementor-element-13f2ceb elementor-widget elementor-widget-heading\" data-id=\"13f2ceb\" data-element_type=\"widget\" data-widget_type=\"heading.default\">\n\t\t\t\t<div class=\"elementor-widget-container\">\n\t\t\t<h2 class=\"elementor-heading-title elementor-size-default\">Ingeniero electricista egresado de la Universidad Nacional de Colombia. Maestr\u00eda en Ingenier\u00eda El\u00e9ctrica en la Universidad Nacional. Con diplomados en Iluminaci\u00f3n Interior, Alumbrado P\u00fablico e Instalaciones Fotovoltaicas. Conocimientos en \u00e1rea financiera y administraci\u00f3n, con 5 a\u00f1os de experiencia en ejecuci\u00f3n de obras p\u00fablicas y privadas. Mi objetivo principal  es ser participe en el progreso del pa\u00eds y aportar a la econom\u00eda colombiana.<\/h2>\t\t<\/div>\n\t\t\t\t<\/div>\n\t\t\t\t<\/div>\n\t\t<div class=\"elementor-element elementor-element-86229c9 e-con-full e-flex e-con e-child\" data-id=\"86229c9\" data-element_type=\"container\">\n\t\t\t\t<div class=\"elementor-element elementor-element-a0aca8b elementor-widget elementor-widget-image\" data-id=\"a0aca8b\" data-element_type=\"widget\" data-widget_type=\"image.default\">\n\t\t\t\t<div class=\"elementor-widget-container\">\n\t\t\t\t\t\t\t\t\t\t\t\t\t<img decoding=\"async\" width=\"1278\" height=\"1600\" src=\"https:\/\/decoenco.com\/wp-content\/uploads\/2024\/04\/WhatsApp-Image-2024-04-09-at-9.36.13-AM.jpeg\" class=\"attachment-2048x2048 size-2048x2048 wp-image-889\" alt=\"\" srcset=\"https:\/\/decoenco.com\/wp-content\/uploads\/2024\/04\/WhatsApp-Image-2024-04-09-at-9.36.13-AM.jpeg 1278w, https:\/\/decoenco.com\/wp-content\/uploads\/2024\/04\/WhatsApp-Image-2024-04-09-at-9.36.13-AM-240x300.jpeg 240w, https:\/\/decoenco.com\/wp-content\/uploads\/2024\/04\/WhatsApp-Image-2024-04-09-at-9.36.13-AM-818x1024.jpeg 818w, https:\/\/decoenco.com\/wp-content\/uploads\/2024\/04\/WhatsApp-Image-2024-04-09-at-9.36.13-AM-768x962.jpeg 768w, https:\/\/decoenco.com\/wp-content\/uploads\/2024\/04\/WhatsApp-Image-2024-04-09-at-9.36.13-AM-1227x1536.jpeg 1227w\" sizes=\"(max-width: 1278px) 100vw, 1278px\" \/>\t\t\t\t\t\t\t\t\t\t\t\t\t<\/div>\n\t\t\t\t<\/div>\n\t\t\t\t<\/div>\n\t\t<div class=\"elementor-element elementor-element-2c2ebbc e-con-full e-flex e-con e-child\" data-id=\"2c2ebbc\" data-element_type=\"container\">\n\t\t\t\t<div class=\"elementor-element elementor-element-6a2c9d9 elementor-widget elementor-widget-heading\" data-id=\"6a2c9d9\" data-element_type=\"widget\" data-widget_type=\"heading.default\">\n\t\t\t\t<div class=\"elementor-widget-container\">\n\t\t\t<h2 class=\"elementor-heading-title elementor-size-default\">Directora Administrativa y Financiera<\/h2>\t\t<\/div>\n\t\t\t\t<\/div>\n\t\t\t\t<div class=\"elementor-element elementor-element-f8a43fc elementor-widget elementor-widget-heading\" data-id=\"f8a43fc\" data-element_type=\"widget\" data-widget_type=\"heading.default\">\n\t\t\t\t<div class=\"elementor-widget-container\">\n\t\t\t<h2 class=\"elementor-heading-title elementor-size-default\">Ana Pinz\u00f3n<\/h2>\t\t<\/div>\n\t\t\t\t<\/div>\n\t\t\t\t<\/div>\n\t\t\t\t\t<\/div>\n\t\t\t\t<\/div>\n\t\t<div class=\"elementor-element elementor-element-a051e5f e-flex e-con-boxed e-con e-parent\" data-id=\"a051e5f\" data-element_type=\"container\">\n\t\t\t\t\t<div class=\"e-con-inner\">\n\t\t<div class=\"elementor-element elementor-element-4f248a1 e-con-full e-flex e-con e-child\" data-id=\"4f248a1\" data-element_type=\"container\">\n\t\t\t\t<div class=\"elementor-element elementor-element-98eca6e elementor-widget elementor-widget-image\" data-id=\"98eca6e\" data-element_type=\"widget\" data-widget_type=\"image.default\">\n\t\t\t\t<div class=\"elementor-widget-container\">\n\t\t\t\t\t\t\t\t\t\t\t\t\t<img decoding=\"async\" width=\"682\" height=\"1024\" src=\"https:\/\/decoenco.com\/wp-content\/uploads\/2024\/02\/WhatsApp-Image-2024-02-02-at-12.36.03-PM.jpeg\" class=\"attachment-large size-large wp-image-773\" alt=\"\" srcset=\"https:\/\/decoenco.com\/wp-content\/uploads\/2024\/02\/WhatsApp-Image-2024-02-02-at-12.36.03-PM.jpeg 682w, https:\/\/decoenco.com\/wp-content\/uploads\/2024\/02\/WhatsApp-Image-2024-02-02-at-12.36.03-PM-200x300.jpeg 200w\" sizes=\"(max-width: 682px) 100vw, 682px\" \/>\t\t\t\t\t\t\t\t\t\t\t\t\t<\/div>\n\t\t\t\t<\/div>\n\t\t\t\t<\/div>\n\t\t<div class=\"elementor-element elementor-element-046643a e-con-full e-flex e-con e-child\" data-id=\"046643a\" data-element_type=\"container\">\n\t\t\t\t<div class=\"elementor-element elementor-element-bbe45a4 elementor-widget elementor-widget-heading\" data-id=\"bbe45a4\" data-element_type=\"widget\" data-widget_type=\"heading.default\">\n\t\t\t\t<div class=\"elementor-widget-container\">\n\t\t\t<h2 class=\"elementor-heading-title elementor-size-default\">Coordinador de Obra Civil<\/h2>\t\t<\/div>\n\t\t\t\t<\/div>\n\t\t\t\t<div class=\"elementor-element elementor-element-3e71790 elementor-widget elementor-widget-heading\" data-id=\"3e71790\" data-element_type=\"widget\" data-widget_type=\"heading.default\">\n\t\t\t\t<div class=\"elementor-widget-container\">\n\t\t\t<h2 class=\"elementor-heading-title elementor-size-default\">Luis Pi\u00f1eros<\/h2>\t\t<\/div>\n\t\t\t\t<\/div>\n\t\t\t\t<\/div>\n\t\t<div class=\"elementor-element elementor-element-f0e1e2e e-con-full e-flex e-con e-child\" data-id=\"f0e1e2e\" data-element_type=\"container\">\n\t\t\t\t<div class=\"elementor-element elementor-element-3412dbf elementor-widget elementor-widget-image\" data-id=\"3412dbf\" data-element_type=\"widget\" data-widget_type=\"image.default\">\n\t\t\t\t<div class=\"elementor-widget-container\">\n\t\t\t\t\t\t\t\t\t\t\t\t\t<img loading=\"lazy\" decoding=\"async\" width=\"819\" height=\"1024\" src=\"https:\/\/decoenco.com\/wp-content\/uploads\/2024\/04\/WhatsApp-Image-2024-04-09-at-7.33.38-AM@075x-819x1024.png\" class=\"attachment-large size-large wp-image-952\" alt=\"\" srcset=\"https:\/\/decoenco.com\/wp-content\/uploads\/2024\/04\/WhatsApp-Image-2024-04-09-at-7.33.38-AM@075x-819x1024.png 819w, https:\/\/decoenco.com\/wp-content\/uploads\/2024\/04\/WhatsApp-Image-2024-04-09-at-7.33.38-AM@075x-240x300.png 240w, https:\/\/decoenco.com\/wp-content\/uploads\/2024\/04\/WhatsApp-Image-2024-04-09-at-7.33.38-AM@075x-768x960.png 768w, https:\/\/decoenco.com\/wp-content\/uploads\/2024\/04\/WhatsApp-Image-2024-04-09-at-7.33.38-AM@075x.png 1080w\" sizes=\"(max-width: 819px) 100vw, 819px\" \/>\t\t\t\t\t\t\t\t\t\t\t\t\t<\/div>\n\t\t\t\t<\/div>\n\t\t\t\t<\/div>\n\t\t<div class=\"elementor-element elementor-element-a3d1fec e-con-full e-flex e-con e-child\" data-id=\"a3d1fec\" data-element_type=\"container\">\n\t\t\t\t<div class=\"elementor-element elementor-element-24c06f6 elementor-widget elementor-widget-heading\" data-id=\"24c06f6\" data-element_type=\"widget\" data-widget_type=\"heading.default\">\n\t\t\t\t<div class=\"elementor-widget-container\">\n\t\t\t<h2 class=\"elementor-heading-title elementor-size-default\">Coordinadora de Dise\u00f1o El\u00e9ctrico<\/h2>\t\t<\/div>\n\t\t\t\t<\/div>\n\t\t\t\t<div class=\"elementor-element elementor-element-4e76f19 elementor-widget elementor-widget-heading\" data-id=\"4e76f19\" data-element_type=\"widget\" data-widget_type=\"heading.default\">\n\t\t\t\t<div class=\"elementor-widget-container\">\n\t\t\t<h2 class=\"elementor-heading-title elementor-size-default\">Nataly Garc\u00eda<\/h2>\t\t<\/div>\n\t\t\t\t<\/div>\n\t\t\t\t<div class=\"elementor-element elementor-element-41ba88b elementor-widget elementor-widget-heading\" data-id=\"41ba88b\" data-element_type=\"widget\" data-widget_type=\"heading.default\">\n\t\t\t\t<div class=\"elementor-widget-container\">\n\t\t\t<h2 class=\"elementor-heading-title elementor-size-default\">Ingeniera electricista egresada de la Escuela Colombiana de ingenier\u00eda Julio Garavito con especial inter\u00e9s en el \u00e1rea de energ\u00edas renovables, subestaciones de AT, MT y l\u00edneas de transmisi\u00f3n. Con experiencia en dise\u00f1o de iluminaci\u00f3n seg\u00fan RETILAP y RETIE, dise\u00f1o de l\u00edneas de transmisi\u00f3n y distribuci\u00f3n, protecci\u00f3n de las subestaciones. Con conocimiento en proyectos de innovaci\u00f3n, en energ\u00eda e\u00f3lica y gerencia de proyectos seg\u00fan el PMI.<\/h2>\t\t<\/div>\n\t\t\t\t<\/div>\n\t\t\t\t<\/div>\n\t\t\t\t\t<\/div>\n\t\t\t\t<\/div>\n\t\t<div class=\"elementor-element elementor-element-c98eb30 e-flex e-con-boxed e-con e-parent\" data-id=\"c98eb30\" data-element_type=\"container\">\n\t\t\t\t\t<div class=\"e-con-inner\">\n\t\t\t\t<div class=\"elementor-element elementor-element-413e6b5 elementor-widget elementor-widget-spacer\" data-id=\"413e6b5\" data-element_type=\"widget\" data-widget_type=\"spacer.default\">\n\t\t\t\t<div class=\"elementor-widget-container\">\n\t\t\t\t\t<div class=\"elementor-spacer\">\n\t\t\t<div class=\"elementor-spacer-inner\"><\/div>\n\t\t<\/div>\n\t\t\t\t<\/div>\n\t\t\t\t<\/div>\n\t\t\t\t\t<\/div>\n\t\t\t\t<\/div>\n\t\t<div class=\"elementor-element elementor-element-f2fef5e e-flex e-con-boxed e-con e-parent\" data-id=\"f2fef5e\" data-element_type=\"container\" data-settings=\"{&quot;background_background&quot;:&quot;classic&quot;}\">\n\t\t\t\t\t<div class=\"e-con-inner\">\n\t\t<div class=\"elementor-element elementor-element-f1c304d e-flex e-con-boxed e-con e-child\" data-id=\"f1c304d\" data-element_type=\"container\" data-settings=\"{&quot;background_background&quot;:&quot;classic&quot;}\">\n\t\t\t\t\t<div class=\"e-con-inner\">\n\t\t\t\t<div class=\"elementor-element elementor-element-4ac11ba elementor-widget elementor-widget-spacer\" data-id=\"4ac11ba\" data-element_type=\"widget\" data-widget_type=\"spacer.default\">\n\t\t\t\t<div class=\"elementor-widget-container\">\n\t\t\t\t\t<div class=\"elementor-spacer\">\n\t\t\t<div class=\"elementor-spacer-inner\"><\/div>\n\t\t<\/div>\n\t\t\t\t<\/div>\n\t\t\t\t<\/div>\n\t\t\t\t<div class=\"elementor-element elementor-element-f3abb69 elementor-widget elementor-widget-heading\" data-id=\"f3abb69\" data-element_type=\"widget\" data-widget_type=\"heading.default\">\n\t\t\t\t<div class=\"elementor-widget-container\">\n\t\t\t<h2 class=\"elementor-heading-title elementor-size-default\">\u00bfQuieres trabajar con nosotros?<\/h2>\t\t<\/div>\n\t\t\t\t<\/div>\n\t\t\t\t<div class=\"elementor-element elementor-element-2893912 elementor-widget elementor-widget-heading\" data-id=\"2893912\" data-element_type=\"widget\" data-widget_type=\"heading.default\">\n\t\t\t\t<div class=\"elementor-widget-container\">\n\t\t\t<h2 class=\"elementor-heading-title elementor-size-default\">Cu\u00e9ntanos sobre ti y env\u00edanos tu hoja de vida.<br>\u00a1Has parte del equipo Decoenco!<\/h2>\t\t<\/div>\n\t\t\t\t<\/div>\n\t\t\t\t<div class=\"elementor-element elementor-element-3d09e5c elementor-align-center elementor-widget elementor-widget-button\" data-id=\"3d09e5c\" data-element_type=\"widget\" data-widget_type=\"button.default\">\n\t\t\t\t<div class=\"elementor-widget-container\">\n\t\t\t\t\t<div class=\"elementor-button-wrapper\">\n\t\t\t<a class=\"elementor-button elementor-button-link elementor-size-sm\" href=\"mailto:administrativo@decoenco.com\">\n\t\t\t\t\t\t<span class=\"elementor-button-content-wrapper\">\n\t\t\t\t\t\t\t\t\t<span class=\"elementor-button-text\">administrativo@decoenco.com<\/span>\n\t\t\t\t\t<\/span>\n\t\t\t\t\t<\/a>\n\t\t<\/div>\n\t\t\t\t<\/div>\n\t\t\t\t<\/div>\n\t\t\t\t\t<\/div>\n\t\t\t\t<\/div>\n\t\t\t\t\t<\/div>\n\t\t\t\t<\/div>\n\t\t\t\t<\/div>\n\t\t","protected":false},"excerpt":{"rendered":"<p>NUESTRO EQUIPO Somos una empresa altamente capacitada, con un personal profesional, creativo e innovador.Nuestro prop\u00f3sito es que tus ideas se [&hellip;]<\/p>\n","protected":false},"author":1,"featured_media":0,"parent":0,"menu_order":0,"comment_status":"closed","ping_status":"closed","template":"","meta":{"site-sidebar-layout":"no-sidebar","site-content-layout":"","ast-site-content-layout":"full-width-container","site-content-style":"default","site-sidebar-style":"default","ast-global-header-display":"","ast-banner-title-visibility":"","ast-main-header-display":"","ast-hfb-above-header-display":"","ast-hfb-below-header-display":"","ast-hfb-mobile-header-display":"","site-post-title":"disabled","ast-breadcrumbs-content":"","ast-featured-img":"disabled","footer-sml-layout":"","theme-transparent-header-meta":"","adv-header-id-meta":"","stick-header-meta":"","header-above-stick-meta":"","header-main-stick-meta":"","header-below-stick-meta":"","astra-migrate-meta-layouts":"default","ast-page-background-enabled":"default","ast-page-background-meta":{"desktop":{"background-color":"var(--ast-global-color-4)","background-image":"","background-repeat":"repeat","background-position":"center center","background-size":"auto","background-attachment":"scroll","background-type":"","background-media":"","overlay-type":"","overlay-color":"","overlay-gradient":""},"tablet":{"background-color":"","background-image":"","background-repeat":"repeat","background-position":"center center","background-size":"auto","background-attachment":"scroll","background-type":"","background-media":"","overlay-type":"","overlay-color":"","overlay-gradient":""},"mobile":{"background-color":"","background-image":"","background-repeat":"repeat","background-position":"center center","background-size":"auto","background-attachment":"scroll","background-type":"","background-media":"","overlay-type":"","overlay-color":"","overlay-gradient":""}},"ast-content-background-meta":{"desktop":{"background-color":"var(--ast-global-color-5)","background-image":"","background-repeat":"repeat","background-position":"center center","background-size":"auto","background-attachment":"scroll","background-type":"","background-media":"","overlay-type":"","overlay-color":"","overlay-gradient":""},"tablet":{"background-color":"var(--ast-global-color-5)","background-image":"","background-repeat":"repeat","background-position":"center center","background-size":"auto","background-attachment":"scroll","background-type":"","background-media":"","overlay-type":"","overlay-color":"","overlay-gradient":""},"mobile":{"background-color":"var(--ast-global-color-5)","background-image":"","background-repeat":"repeat","background-position":"center center","background-size":"auto","background-attachment":"scroll","background-type":"","background-media":"","overlay-type":"","overlay-color":"","overlay-gradient":""}},"footnotes":""},"class_list":["post-22","page","type-page","status-publish","hentry"],"_links":{"self":[{"href":"https:\/\/decoenco.com\/index.php\/wp-json\/wp\/v2\/pages\/22","targetHints":{"allow":["GET"]}}],"collection":[{"href":"https:\/\/decoenco.com\/index.php\/wp-json\/wp\/v2\/pages"}],"about":[{"href":"https:\/\/decoenco.com\/index.php\/wp-json\/wp\/v2\/types\/page"}],"author":[{"embeddable":true,"href":"https:\/\/decoenco.com\/index.php\/wp-json\/wp\/v2\/users\/1"}],"replies":[{"embeddable":true,"href":"https:\/\/decoenco.com\/index.php\/wp-json\/wp\/v2\/comments?post=22"}],"version-history":[{"count":85,"href":"https:\/\/decoenco.com\/index.php\/wp-json\/wp\/v2\/pages\/22\/revisions"}],"predecessor-version":[{"id":983,"href":"https:\/\/decoenco.com\/index.php\/wp-json\/wp\/v2\/pages\/22\/revisions\/983"}],"wp:attachment":[{"href":"https:\/\/decoenco.com\/index.php\/wp-json\/wp\/v2\/media?parent=22"}],"curies":[{"name":"wp","href":"https:\/\/api.w.org\/{rel}","templated":true}]}}