{"id":26,"date":"2024-01-25T08:05:47","date_gmt":"2024-01-25T13:05:47","guid":{"rendered":"https:\/\/decoenco.com\/?page_id=26"},"modified":"2024-02-02T10:50:56","modified_gmt":"2024-02-02T15:50:56","slug":"servicios-civiles","status":"publish","type":"page","link":"https:\/\/decoenco.com\/index.php\/servicios-civiles\/","title":{"rendered":"Servicios Civiles"},"content":{"rendered":"\t\t<div data-elementor-type=\"wp-page\" data-elementor-id=\"26\" class=\"elementor elementor-26\">\n\t\t\t\t<div class=\"elementor-element elementor-element-ff98fec e-flex e-con-boxed e-con e-parent\" data-id=\"ff98fec\" data-element_type=\"container\" data-settings=\"{&quot;background_background&quot;:&quot;classic&quot;}\">\n\t\t\t\t\t<div class=\"e-con-inner\">\n\t\t\t\t<div class=\"elementor-element elementor-element-304dae2 elementor-widget elementor-widget-spacer\" data-id=\"304dae2\" data-element_type=\"widget\" data-widget_type=\"spacer.default\">\n\t\t\t\t<div class=\"elementor-widget-container\">\n\t\t\t<style>\/*! elementor - v3.23.0 - 05-08-2024 *\/\n.elementor-column .elementor-spacer-inner{height:var(--spacer-size)}.e-con{--container-widget-width:100%}.e-con-inner>.elementor-widget-spacer,.e-con>.elementor-widget-spacer{width:var(--container-widget-width,var(--spacer-size));--align-self:var(--container-widget-align-self,initial);--flex-shrink:0}.e-con-inner>.elementor-widget-spacer>.elementor-widget-container,.e-con>.elementor-widget-spacer>.elementor-widget-container{height:100%;width:100%}.e-con-inner>.elementor-widget-spacer>.elementor-widget-container>.elementor-spacer,.e-con>.elementor-widget-spacer>.elementor-widget-container>.elementor-spacer{height:100%}.e-con-inner>.elementor-widget-spacer>.elementor-widget-container>.elementor-spacer>.elementor-spacer-inner,.e-con>.elementor-widget-spacer>.elementor-widget-container>.elementor-spacer>.elementor-spacer-inner{height:var(--container-widget-height,var(--spacer-size))}.e-con-inner>.elementor-widget-spacer.elementor-widget-empty,.e-con>.elementor-widget-spacer.elementor-widget-empty{position:relative;min-height:22px;min-width:22px}.e-con-inner>.elementor-widget-spacer.elementor-widget-empty .elementor-widget-empty-icon,.e-con>.elementor-widget-spacer.elementor-widget-empty .elementor-widget-empty-icon{position:absolute;top:0;bottom:0;left:0;right:0;margin:auto;padding:0;width:22px;height:22px}<\/style>\t\t<div class=\"elementor-spacer\">\n\t\t\t<div class=\"elementor-spacer-inner\"><\/div>\n\t\t<\/div>\n\t\t\t\t<\/div>\n\t\t\t\t<\/div>\n\t\t\t\t<div class=\"elementor-element elementor-element-c8f68e2 elementor-widget elementor-widget-heading\" data-id=\"c8f68e2\" data-element_type=\"widget\" data-widget_type=\"heading.default\">\n\t\t\t\t<div class=\"elementor-widget-container\">\n\t\t\t<style>\/*! elementor - v3.23.0 - 05-08-2024 *\/\n.elementor-heading-title{padding:0;margin:0;line-height:1}.elementor-widget-heading .elementor-heading-title[class*=elementor-size-]>a{color:inherit;font-size:inherit;line-height:inherit}.elementor-widget-heading .elementor-heading-title.elementor-size-small{font-size:15px}.elementor-widget-heading .elementor-heading-title.elementor-size-medium{font-size:19px}.elementor-widget-heading .elementor-heading-title.elementor-size-large{font-size:29px}.elementor-widget-heading .elementor-heading-title.elementor-size-xl{font-size:39px}.elementor-widget-heading .elementor-heading-title.elementor-size-xxl{font-size:59px}<\/style><h2 class=\"elementor-heading-title elementor-size-default\">OBRA CIVIL<\/h2>\t\t<\/div>\n\t\t\t\t<\/div>\n\t\t\t\t<div class=\"elementor-element elementor-element-3e1f3b7 elementor-widget elementor-widget-heading\" data-id=\"3e1f3b7\" data-element_type=\"widget\" data-widget_type=\"heading.default\">\n\t\t\t\t<div class=\"elementor-widget-container\">\n\t\t\t<h2 class=\"elementor-heading-title elementor-size-default\"><i>Ingenier\u00eda con visi\u00f3n, construyendo un futuro s\u00f3lido<\/i><\/h2>\t\t<\/div>\n\t\t\t\t<\/div>\n\t\t\t\t<div class=\"elementor-element elementor-element-e34f5cc elementor-widget elementor-widget-spacer\" data-id=\"e34f5cc\" data-element_type=\"widget\" data-widget_type=\"spacer.default\">\n\t\t\t\t<div class=\"elementor-widget-container\">\n\t\t\t\t\t<div class=\"elementor-spacer\">\n\t\t\t<div class=\"elementor-spacer-inner\"><\/div>\n\t\t<\/div>\n\t\t\t\t<\/div>\n\t\t\t\t<\/div>\n\t\t\t\t\t<\/div>\n\t\t\t\t<\/div>\n\t\t<div class=\"elementor-element elementor-element-0924d13 e-flex e-con-boxed e-con e-parent\" data-id=\"0924d13\" data-element_type=\"container\">\n\t\t\t\t\t<div class=\"e-con-inner\">\n\t\t\t\t<div class=\"elementor-element elementor-element-ae189ab elementor-widget elementor-widget-spacer\" data-id=\"ae189ab\" data-element_type=\"widget\" data-widget_type=\"spacer.default\">\n\t\t\t\t<div class=\"elementor-widget-container\">\n\t\t\t\t\t<div class=\"elementor-spacer\">\n\t\t\t<div class=\"elementor-spacer-inner\"><\/div>\n\t\t<\/div>\n\t\t\t\t<\/div>\n\t\t\t\t<\/div>\n\t\t\t\t\t<\/div>\n\t\t\t\t<\/div>\n\t\t<div class=\"elementor-element elementor-element-782e325 e-flex e-con-boxed e-con e-parent\" data-id=\"782e325\" data-element_type=\"container\">\n\t\t\t\t\t<div class=\"e-con-inner\">\n\t\t\t\t<div class=\"elementor-element elementor-element-bcd86eb elementor-widget elementor-widget-heading\" data-id=\"bcd86eb\" data-element_type=\"widget\" data-widget_type=\"heading.default\">\n\t\t\t\t<div class=\"elementor-widget-container\">\n\t\t\t<h2 class=\"elementor-heading-title elementor-size-default\">Conoce todos nuestros servicios y soluciones.<\/h2>\t\t<\/div>\n\t\t\t\t<\/div>\n\t\t\t\t<div class=\"elementor-element elementor-element-ecffc04 elementor-widget elementor-widget-heading\" data-id=\"ecffc04\" data-element_type=\"widget\" data-widget_type=\"heading.default\">\n\t\t\t\t<div class=\"elementor-widget-container\">\n\t\t\t<h2 class=\"elementor-heading-title elementor-size-default\">En Decoenco estamos para ayudarte. Descubre todo lo que tenemos preparado para ti. <\/h2>\t\t<\/div>\n\t\t\t\t<\/div>\n\t\t\t\t\t<\/div>\n\t\t\t\t<\/div>\n\t\t<div class=\"elementor-element elementor-element-7e5ea05 e-flex e-con-boxed e-con e-parent\" data-id=\"7e5ea05\" data-element_type=\"container\">\n\t\t\t\t\t<div class=\"e-con-inner\">\n\t\t\t\t<div class=\"elementor-element elementor-element-ed98ba3 elementor-widget__width-initial elementor-widget elementor-widget-spacer\" data-id=\"ed98ba3\" data-element_type=\"widget\" data-widget_type=\"spacer.default\">\n\t\t\t\t<div class=\"elementor-widget-container\">\n\t\t\t\t\t<div class=\"elementor-spacer\">\n\t\t\t<div class=\"elementor-spacer-inner\"><\/div>\n\t\t<\/div>\n\t\t\t\t<\/div>\n\t\t\t\t<\/div>\n\t\t<div class=\"elementor-element elementor-element-b9ce065 e-con-full e-flex e-con e-child\" data-id=\"b9ce065\" data-element_type=\"container\">\n\t\t\t\t<div class=\"elementor-element elementor-element-2920ba3 elementor-widget elementor-widget-image\" data-id=\"2920ba3\" data-element_type=\"widget\" data-widget_type=\"image.default\">\n\t\t\t\t<div class=\"elementor-widget-container\">\n\t\t\t<style>\/*! elementor - v3.23.0 - 05-08-2024 *\/\n.elementor-widget-image{text-align:center}.elementor-widget-image a{display:inline-block}.elementor-widget-image a img[src$=\".svg\"]{width:48px}.elementor-widget-image img{vertical-align:middle;display:inline-block}<\/style>\t\t\t\t\t\t\t\t\t\t<img fetchpriority=\"high\" decoding=\"async\" width=\"1024\" height=\"1024\" src=\"https:\/\/decoenco.com\/wp-content\/uploads\/2024\/02\/Disenos-estructurales-1024x1024.png\" class=\"attachment-large size-large wp-image-719\" alt=\"\" srcset=\"https:\/\/decoenco.com\/wp-content\/uploads\/2024\/02\/Disenos-estructurales-1024x1024.png 1024w, https:\/\/decoenco.com\/wp-content\/uploads\/2024\/02\/Disenos-estructurales-300x300.png 300w, https:\/\/decoenco.com\/wp-content\/uploads\/2024\/02\/Disenos-estructurales-150x150.png 150w, https:\/\/decoenco.com\/wp-content\/uploads\/2024\/02\/Disenos-estructurales-768x768.png 768w, https:\/\/decoenco.com\/wp-content\/uploads\/2024\/02\/Disenos-estructurales.png 1080w\" sizes=\"(max-width: 1024px) 100vw, 1024px\" \/>\t\t\t\t\t\t\t\t\t\t\t\t\t<\/div>\n\t\t\t\t<\/div>\n\t\t\t\t<div class=\"elementor-element elementor-element-1d3d6d4 elementor-widget elementor-widget-heading\" data-id=\"1d3d6d4\" data-element_type=\"widget\" data-widget_type=\"heading.default\">\n\t\t\t\t<div class=\"elementor-widget-container\">\n\t\t\t<h2 class=\"elementor-heading-title elementor-size-default\">En nuestro servicio de dise\u00f1o estructural civil, nos dedicamos a dise\u00f1ar la base s\u00f3lida para la obra de tus sue\u00f1os. Nos enorgullece ofrecer soluciones innovadoras y seguras para asegurar que cada estructura no solo cumpla con los est\u00e1ndares, sino que tambi\u00e9n exceda las expectativas.<\/h2>\t\t<\/div>\n\t\t\t\t<\/div>\n\t\t\t\t<div class=\"elementor-element elementor-element-9c67f59 elementor-widget elementor-widget-spacer\" data-id=\"9c67f59\" data-element_type=\"widget\" data-widget_type=\"spacer.default\">\n\t\t\t\t<div class=\"elementor-widget-container\">\n\t\t\t\t\t<div class=\"elementor-spacer\">\n\t\t\t<div class=\"elementor-spacer-inner\"><\/div>\n\t\t<\/div>\n\t\t\t\t<\/div>\n\t\t\t\t<\/div>\n\t\t\t\t<\/div>\n\t\t\t\t<div class=\"elementor-element elementor-element-156900a elementor-widget elementor-widget-spacer\" data-id=\"156900a\" data-element_type=\"widget\" data-widget_type=\"spacer.default\">\n\t\t\t\t<div class=\"elementor-widget-container\">\n\t\t\t\t\t<div class=\"elementor-spacer\">\n\t\t\t<div class=\"elementor-spacer-inner\"><\/div>\n\t\t<\/div>\n\t\t\t\t<\/div>\n\t\t\t\t<\/div>\n\t\t<div class=\"elementor-element elementor-element-9397aea e-con-full e-flex e-con e-child\" data-id=\"9397aea\" data-element_type=\"container\">\n\t\t\t\t<div class=\"elementor-element elementor-element-304eda0 elementor-widget elementor-widget-image\" data-id=\"304eda0\" data-element_type=\"widget\" data-widget_type=\"image.default\">\n\t\t\t\t<div class=\"elementor-widget-container\">\n\t\t\t\t\t\t\t\t\t\t\t\t\t<img decoding=\"async\" width=\"1024\" height=\"1024\" src=\"https:\/\/decoenco.com\/wp-content\/uploads\/2024\/02\/Disenos-hidraulicos-1024x1024.png\" class=\"attachment-large size-large wp-image-720\" alt=\"\" srcset=\"https:\/\/decoenco.com\/wp-content\/uploads\/2024\/02\/Disenos-hidraulicos-1024x1024.png 1024w, https:\/\/decoenco.com\/wp-content\/uploads\/2024\/02\/Disenos-hidraulicos-300x300.png 300w, https:\/\/decoenco.com\/wp-content\/uploads\/2024\/02\/Disenos-hidraulicos-150x150.png 150w, https:\/\/decoenco.com\/wp-content\/uploads\/2024\/02\/Disenos-hidraulicos-768x768.png 768w, https:\/\/decoenco.com\/wp-content\/uploads\/2024\/02\/Disenos-hidraulicos.png 1080w\" sizes=\"(max-width: 1024px) 100vw, 1024px\" \/>\t\t\t\t\t\t\t\t\t\t\t\t\t<\/div>\n\t\t\t\t<\/div>\n\t\t\t\t<div class=\"elementor-element elementor-element-ffdf868 elementor-widget elementor-widget-heading\" data-id=\"ffdf868\" data-element_type=\"widget\" data-widget_type=\"heading.default\">\n\t\t\t\t<div class=\"elementor-widget-container\">\n\t\t\t<h2 class=\"elementor-heading-title elementor-size-default\">En nuestro servicio de dise\u00f1o hidr\u00e1ulico civil, nos centramos en la creaci\u00f3n de soluciones ingeniosas que transforman la forma en que interactuamos con el agua en entornos urbanos y rurales. Nos enorgullece ofrecer un enfoque integral para el dise\u00f1o, planificaci\u00f3n y gesti\u00f3n de sistemas hidr\u00e1ulicos que no solo cumplen con los est\u00e1ndares, sino que tambi\u00e9n promueven la sostenibilidad y la eficiencia.<\/h2>\t\t<\/div>\n\t\t\t\t<\/div>\n\t\t\t\t<div class=\"elementor-element elementor-element-76cf5bd elementor-widget elementor-widget-spacer\" data-id=\"76cf5bd\" data-element_type=\"widget\" data-widget_type=\"spacer.default\">\n\t\t\t\t<div class=\"elementor-widget-container\">\n\t\t\t\t\t<div class=\"elementor-spacer\">\n\t\t\t<div class=\"elementor-spacer-inner\"><\/div>\n\t\t<\/div>\n\t\t\t\t<\/div>\n\t\t\t\t<\/div>\n\t\t\t\t<\/div>\n\t\t\t\t\t<\/div>\n\t\t\t\t<\/div>\n\t\t<div class=\"elementor-element elementor-element-379d0a7 e-flex e-con-boxed e-con e-parent\" data-id=\"379d0a7\" data-element_type=\"container\">\n\t\t\t\t\t<div class=\"e-con-inner\">\n\t\t\t\t<div class=\"elementor-element elementor-element-e72988a elementor-widget__width-initial elementor-widget elementor-widget-spacer\" data-id=\"e72988a\" data-element_type=\"widget\" data-widget_type=\"spacer.default\">\n\t\t\t\t<div class=\"elementor-widget-container\">\n\t\t\t\t\t<div class=\"elementor-spacer\">\n\t\t\t<div class=\"elementor-spacer-inner\"><\/div>\n\t\t<\/div>\n\t\t\t\t<\/div>\n\t\t\t\t<\/div>\n\t\t<div class=\"elementor-element elementor-element-3c4682d e-con-full e-flex e-con e-child\" data-id=\"3c4682d\" data-element_type=\"container\">\n\t\t\t\t<div class=\"elementor-element elementor-element-49a349b elementor-widget elementor-widget-image\" data-id=\"49a349b\" data-element_type=\"widget\" data-widget_type=\"image.default\">\n\t\t\t\t<div class=\"elementor-widget-container\">\n\t\t\t\t\t\t\t\t\t\t\t\t\t<img decoding=\"async\" width=\"1024\" height=\"1024\" src=\"https:\/\/decoenco.com\/wp-content\/uploads\/2024\/02\/Ejecucion-de-obras-y-remodelaciones-1024x1024.png\" class=\"attachment-large size-large wp-image-721\" alt=\"\" srcset=\"https:\/\/decoenco.com\/wp-content\/uploads\/2024\/02\/Ejecucion-de-obras-y-remodelaciones-1024x1024.png 1024w, https:\/\/decoenco.com\/wp-content\/uploads\/2024\/02\/Ejecucion-de-obras-y-remodelaciones-300x300.png 300w, https:\/\/decoenco.com\/wp-content\/uploads\/2024\/02\/Ejecucion-de-obras-y-remodelaciones-150x150.png 150w, https:\/\/decoenco.com\/wp-content\/uploads\/2024\/02\/Ejecucion-de-obras-y-remodelaciones-768x768.png 768w, https:\/\/decoenco.com\/wp-content\/uploads\/2024\/02\/Ejecucion-de-obras-y-remodelaciones.png 1080w\" sizes=\"(max-width: 1024px) 100vw, 1024px\" \/>\t\t\t\t\t\t\t\t\t\t\t\t\t<\/div>\n\t\t\t\t<\/div>\n\t\t\t\t<div class=\"elementor-element elementor-element-4f8a770 elementor-widget elementor-widget-heading\" data-id=\"4f8a770\" data-element_type=\"widget\" data-widget_type=\"heading.default\">\n\t\t\t\t<div class=\"elementor-widget-container\">\n\t\t\t<h2 class=\"elementor-heading-title elementor-size-default\">La ejecuci\u00f3n y remodelaci\u00f3n de obra civil abarca desde la construcci\u00f3n de estructuras s\u00f3lidas hasta la incorporaci\u00f3n de tecnolog\u00edas innovadoras y pr\u00e1cticas sostenibles. Nuestro enfoque se centra en la eficiencia del proyecto, utilizando m\u00e9todos constructivos avanzados para optimizar plazos y presupuestos.<\/h2>\t\t<\/div>\n\t\t\t\t<\/div>\n\t\t\t\t<div class=\"elementor-element elementor-element-02fc735 elementor-widget elementor-widget-spacer\" data-id=\"02fc735\" data-element_type=\"widget\" data-widget_type=\"spacer.default\">\n\t\t\t\t<div class=\"elementor-widget-container\">\n\t\t\t\t\t<div class=\"elementor-spacer\">\n\t\t\t<div class=\"elementor-spacer-inner\"><\/div>\n\t\t<\/div>\n\t\t\t\t<\/div>\n\t\t\t\t<\/div>\n\t\t\t\t<\/div>\n\t\t\t\t<div class=\"elementor-element elementor-element-4f34a81 elementor-widget elementor-widget-spacer\" data-id=\"4f34a81\" data-element_type=\"widget\" data-widget_type=\"spacer.default\">\n\t\t\t\t<div class=\"elementor-widget-container\">\n\t\t\t\t\t<div class=\"elementor-spacer\">\n\t\t\t<div class=\"elementor-spacer-inner\"><\/div>\n\t\t<\/div>\n\t\t\t\t<\/div>\n\t\t\t\t<\/div>\n\t\t<div class=\"elementor-element elementor-element-e92419c e-con-full e-flex e-con e-child\" data-id=\"e92419c\" data-element_type=\"container\">\n\t\t\t\t<div class=\"elementor-element elementor-element-ab5c044 elementor-widget elementor-widget-image\" data-id=\"ab5c044\" data-element_type=\"widget\" data-widget_type=\"image.default\">\n\t\t\t\t<div class=\"elementor-widget-container\">\n\t\t\t\t\t\t\t\t\t\t\t\t\t<img loading=\"lazy\" decoding=\"async\" width=\"1024\" height=\"1024\" src=\"https:\/\/decoenco.com\/wp-content\/uploads\/2024\/02\/Supervision-de-Obras-1024x1024.png\" class=\"attachment-large size-large wp-image-722\" alt=\"\" srcset=\"https:\/\/decoenco.com\/wp-content\/uploads\/2024\/02\/Supervision-de-Obras-1024x1024.png 1024w, https:\/\/decoenco.com\/wp-content\/uploads\/2024\/02\/Supervision-de-Obras-300x300.png 300w, https:\/\/decoenco.com\/wp-content\/uploads\/2024\/02\/Supervision-de-Obras-150x150.png 150w, https:\/\/decoenco.com\/wp-content\/uploads\/2024\/02\/Supervision-de-Obras-768x768.png 768w, https:\/\/decoenco.com\/wp-content\/uploads\/2024\/02\/Supervision-de-Obras.png 1080w\" sizes=\"(max-width: 1024px) 100vw, 1024px\" \/>\t\t\t\t\t\t\t\t\t\t\t\t\t<\/div>\n\t\t\t\t<\/div>\n\t\t\t\t<div class=\"elementor-element elementor-element-3bf2996 elementor-widget elementor-widget-heading\" data-id=\"3bf2996\" data-element_type=\"widget\" data-widget_type=\"heading.default\">\n\t\t\t\t<div class=\"elementor-widget-container\">\n\t\t\t<h2 class=\"elementor-heading-title elementor-size-default\">En cada proyecto, nuestra supervisi\u00f3n se centra en la calidad de la construcci\u00f3n, la seguridad en el lugar de trabajo y la conformidad con las normativas locales y nacionales. Nos enorgullece adoptar un enfoque proactivo, identificando posibles problemas antes de que afecten el avance del proyecto y trabajando en colaboraci\u00f3n con el equipo para encontrar soluciones efectivas.<\/h2>\t\t<\/div>\n\t\t\t\t<\/div>\n\t\t\t\t<\/div>\n\t\t\t\t\t<\/div>\n\t\t\t\t<\/div>\n\t\t<div class=\"elementor-element elementor-element-22fc583 e-flex e-con-boxed e-con e-parent\" data-id=\"22fc583\" data-element_type=\"container\">\n\t\t\t\t\t<div class=\"e-con-inner\">\n\t\t\t\t<div class=\"elementor-element elementor-element-b9391ff elementor-widget elementor-widget-spacer\" data-id=\"b9391ff\" data-element_type=\"widget\" data-widget_type=\"spacer.default\">\n\t\t\t\t<div class=\"elementor-widget-container\">\n\t\t\t\t\t<div class=\"elementor-spacer\">\n\t\t\t<div class=\"elementor-spacer-inner\"><\/div>\n\t\t<\/div>\n\t\t\t\t<\/div>\n\t\t\t\t<\/div>\n\t\t\t\t\t<\/div>\n\t\t\t\t<\/div>\n\t\t<div class=\"elementor-element elementor-element-8505db0 e-flex e-con-boxed e-con e-parent\" data-id=\"8505db0\" data-element_type=\"container\" data-settings=\"{&quot;background_background&quot;:&quot;classic&quot;}\">\n\t\t\t\t\t<div class=\"e-con-inner\">\n\t\t\t\t<div class=\"elementor-element elementor-element-edf65d1 elementor-widget elementor-widget-spacer\" data-id=\"edf65d1\" data-element_type=\"widget\" data-widget_type=\"spacer.default\">\n\t\t\t\t<div class=\"elementor-widget-container\">\n\t\t\t\t\t<div class=\"elementor-spacer\">\n\t\t\t<div class=\"elementor-spacer-inner\"><\/div>\n\t\t<\/div>\n\t\t\t\t<\/div>\n\t\t\t\t<\/div>\n\t\t\t\t<div class=\"elementor-element elementor-element-732b96e elementor-widget elementor-widget-heading\" data-id=\"732b96e\" data-element_type=\"widget\" data-widget_type=\"heading.default\">\n\t\t\t\t<div class=\"elementor-widget-container\">\n\t\t\t<h2 class=\"elementor-heading-title elementor-size-default\">\u00bfTe interesan nuestros servicios el\u00e9ctricos?<\/h2>\t\t<\/div>\n\t\t\t\t<\/div>\n\t\t\t\t<div class=\"elementor-element elementor-element-00a2dbb elementor-widget elementor-widget-heading\" data-id=\"00a2dbb\" data-element_type=\"widget\" data-widget_type=\"heading.default\">\n\t\t\t\t<div class=\"elementor-widget-container\">\n\t\t\t<h2 class=\"elementor-heading-title elementor-size-default\">\u00a1Cont\u00e1ctanos!<\/h2>\t\t<\/div>\n\t\t\t\t<\/div>\n\t\t\t\t<div class=\"elementor-element elementor-element-b16184b elementor-align-center elementor-widget elementor-widget-button\" data-id=\"b16184b\" data-element_type=\"widget\" data-widget_type=\"button.default\">\n\t\t\t\t<div class=\"elementor-widget-container\">\n\t\t\t\t\t<div class=\"elementor-button-wrapper\">\n\t\t\t<a class=\"elementor-button elementor-button-link elementor-size-md elementor-animation-grow\" href=\"https:\/\/decoenco.com\/index.php\/contacto\/\">\n\t\t\t\t\t\t<span class=\"elementor-button-content-wrapper\">\n\t\t\t\t\t\t\t\t\t<span class=\"elementor-button-text\">CONTACTO<\/span>\n\t\t\t\t\t<\/span>\n\t\t\t\t\t<\/a>\n\t\t<\/div>\n\t\t\t\t<\/div>\n\t\t\t\t<\/div>\n\t\t\t\t<div class=\"elementor-element elementor-element-29ce2d0 elementor-widget elementor-widget-spacer\" data-id=\"29ce2d0\" data-element_type=\"widget\" data-widget_type=\"spacer.default\">\n\t\t\t\t<div class=\"elementor-widget-container\">\n\t\t\t\t\t<div class=\"elementor-spacer\">\n\t\t\t<div class=\"elementor-spacer-inner\"><\/div>\n\t\t<\/div>\n\t\t\t\t<\/div>\n\t\t\t\t<\/div>\n\t\t\t\t\t<\/div>\n\t\t\t\t<\/div>\n\t\t\t\t<\/div>\n\t\t","protected":false},"excerpt":{"rendered":"<p>OBRA CIVIL Ingenier\u00eda con visi\u00f3n, construyendo un futuro s\u00f3lido Conoce todos nuestros servicios y soluciones. En Decoenco estamos para ayudarte. [&hellip;]<\/p>\n","protected":false},"author":1,"featured_media":0,"parent":0,"menu_order":0,"comment_status":"closed","ping_status":"closed","template":"","meta":{"site-sidebar-layout":"no-sidebar","site-content-layout":"","ast-site-content-layout":"full-width-container","site-content-style":"default","site-sidebar-style":"default","ast-global-header-display":"","ast-banner-title-visibility":"","ast-main-header-display":"","ast-hfb-above-header-display":"","ast-hfb-below-header-display":"","ast-hfb-mobile-header-display":"","site-post-title":"disabled","ast-breadcrumbs-content":"","ast-featured-img":"disabled","footer-sml-layout":"","theme-transparent-header-meta":"","adv-header-id-meta":"","stick-header-meta":"","header-above-stick-meta":"","header-main-stick-meta":"","header-below-stick-meta":"","astra-migrate-meta-layouts":"default","ast-page-background-enabled":"default","ast-page-background-meta":{"desktop":{"background-color":"var(--ast-global-color-4)","background-image":"","background-repeat":"repeat","background-position":"center center","background-size":"auto","background-attachment":"scroll","background-type":"","background-media":"","overlay-type":"","overlay-color":"","overlay-gradient":""},"tablet":{"background-color":"","background-image":"","background-repeat":"repeat","background-position":"center center","background-size":"auto","background-attachment":"scroll","background-type":"","background-media":"","overlay-type":"","overlay-color":"","overlay-gradient":""},"mobile":{"background-color":"","background-image":"","background-repeat":"repeat","background-position":"center center","background-size":"auto","background-attachment":"scroll","background-type":"","background-media":"","overlay-type":"","overlay-color":"","overlay-gradient":""}},"ast-content-background-meta":{"desktop":{"background-color":"var(--ast-global-color-5)","background-image":"","background-repeat":"repeat","background-position":"center center","background-size":"auto","background-attachment":"scroll","background-type":"","background-media":"","overlay-type":"","overlay-color":"","overlay-gradient":""},"tablet":{"background-color":"var(--ast-global-color-5)","background-image":"","background-repeat":"repeat","background-position":"center center","background-size":"auto","background-attachment":"scroll","background-type":"","background-media":"","overlay-type":"","overlay-color":"","overlay-gradient":""},"mobile":{"background-color":"var(--ast-global-color-5)","background-image":"","background-repeat":"repeat","background-position":"center center","background-size":"auto","background-attachment":"scroll","background-type":"","background-media":"","overlay-type":"","overlay-color":"","overlay-gradient":""}},"footnotes":""},"class_list":["post-26","page","type-page","status-publish","hentry"],"_links":{"self":[{"href":"https:\/\/decoenco.com\/index.php\/wp-json\/wp\/v2\/pages\/26","targetHints":{"allow":["GET"]}}],"collection":[{"href":"https:\/\/decoenco.com\/index.php\/wp-json\/wp\/v2\/pages"}],"about":[{"href":"https:\/\/decoenco.com\/index.php\/wp-json\/wp\/v2\/types\/page"}],"author":[{"embeddable":true,"href":"https:\/\/decoenco.com\/index.php\/wp-json\/wp\/v2\/users\/1"}],"replies":[{"embeddable":true,"href":"https:\/\/decoenco.com\/index.php\/wp-json\/wp\/v2\/comments?post=26"}],"version-history":[{"count":28,"href":"https:\/\/decoenco.com\/index.php\/wp-json\/wp\/v2\/pages\/26\/revisions"}],"predecessor-version":[{"id":742,"href":"https:\/\/decoenco.com\/index.php\/wp-json\/wp\/v2\/pages\/26\/revisions\/742"}],"wp:attachment":[{"href":"https:\/\/decoenco.com\/index.php\/wp-json\/wp\/v2\/media?parent=26"}],"curies":[{"name":"wp","href":"https:\/\/api.w.org\/{rel}","templated":true}]}}